{"id":929,"date":"2016-12-11T22:55:42","date_gmt":"2016-12-11T21:55:42","guid":{"rendered":"http:\/\/www.prince-stmaur.fr\/?post_type=product&amp;p=850"},"modified":"2016-12-11T22:55:42","modified_gmt":"2016-12-11T21:55:42","slug":"menu-regal","status":"publish","type":"product","link":"https:\/\/royal-rajpoot-stmaur.fr\/index.php\/product\/menu-regal\/","title":{"rendered":"Menu Regal"},"content":{"rendered":"<p>[vc_row type=\u00a0\u00bbin_container\u00a0\u00bb bg_parallax=\u00a0\u00bb\u00a0\u00bb color_overlay=\u00a0\u00bb\u00a0\u00bb vu_equal_height_columns=\u00a0\u00bb\u00a0\u00bb row_id=\u00a0\u00bb\u00a0\u00bb el_class=\u00a0\u00bb\u00a0\u00bb][vc_column vu_vertical_align=\u00a0\u00bbmiddle\u00a0\u00bb width=\u00a0\u00bb1\/3&Prime;][vc_column_text]TOUS NOS PLATS SONT DOUX OU RELEV\u00c9S SELON VOTRE CHOIX<\/p>\n<p>ENTR\u00c9ES AU CHOIX<br \/>\nSAMOSSA LEGUMES<br \/>\nBeignet de pommes de terre \u00e9cras\u00e9es avec des petits pois<br \/>\nou<br \/>\nPAKORA AUBERGINES<br \/>\nBeignets d\u2019aubergines<br \/>\nou<br \/>\nPOULET TANDOORI<br \/>\nPoulet cuit \u00e0 la broche au tandoor<br \/>\nou<br \/>\nDALL SOUPE<br \/>\nSoupe de lentilles avec diverses \u00e9pices<br \/>\nou<br \/>\nRA\u00cfTA<br \/>\nYaourt aux l\u00e9gumes et aux \u00e9pices[\/vc_column_text][\/vc_column][vc_column vu_vertical_align=\u00a0\u00bbmiddle\u00a0\u00bb width=\u00a0\u00bb1\/3&Prime;][vc_column_text]PLATS AUX CHOIX<\/p>\n<p>POULET SHAHI KORMA<br \/>\nPoulet d\u00e9soss\u00e9 cuit avec des pistaches, amandes, noix de cajou, cr\u00e8me<br \/>\nou<br \/>\nPOULET CURRY<br \/>\nCurry de poulet traditionnel<br \/>\nou<br \/>\nKEEMA MATAR<br \/>\nGigot d\u2019agneau hach\u00e9 avec des petits pois<br \/>\nou<br \/>\nBAINGAN BARTHA<br \/>\nCurry d\u2019aubergines<br \/>\nou<br \/>\nKOFTA CURRY<br \/>\nBoulettes de gigot d\u2019agneau hach\u00e9 au curry<\/p>\n<p>Tous ces plats sont servis avec du riz basmati au cumin<\/p>\n<p>DESSERTS AU CHOIX A LA CARTE<br \/>\nou\u00a0CAFE OU TH\u00c9[\/vc_column_text][\/vc_column][vc_column vu_vertical_align=\u00a0\u00bbmiddle\u00a0\u00bb width=\u00a0\u00bb1\/3&Prime;][\/vc_column][\/vc_row]<\/p>\n","protected":false},"excerpt":{"rendered":"<p>[vc_row type=\u00a0\u00bbin_container\u00a0\u00bb bg_parallax=\u00a0\u00bb\u00a0\u00bb color_overlay=\u00a0\u00bb\u00a0\u00bb vu_equal_height_columns=\u00a0\u00bb\u00a0\u00bb row_id=\u00a0\u00bb\u00a0\u00bb el_class=\u00a0\u00bb\u00a0\u00bb][vc_column vu_vertical_align=\u00a0\u00bbmiddle\u00a0\u00bb width=\u00a0\u00bb1\/3&Prime;][vc_column_text]TOUS NOS PLATS SONT DOUX OU RELEV\u00c9S SELON VOTRE CHOIX ENTR\u00c9ES AU CHOIX SAMOSSA LEGUMES Beignet de pommes de terre \u00e9cras\u00e9es avec des petits pois ou PAKORA AUBERGINES Beignets d\u2019aubergines ou POULET TANDOORI Poulet cuit \u00e0 la broche au tandoor ou DALL SOUPE Soupe de lentilles avec [&hellip;]<\/p>\n","protected":false},"featured_media":0,"template":"","meta":[],"product_cat":[29],"product_tag":[],"class_list":{"0":"post-929","1":"product","2":"type-product","3":"status-publish","5":"product_cat-menu","7":"first","8":"instock","9":"taxable","10":"shipping-taxable","11":"purchasable","12":"product-type-simple"},"yoast_head":"<!-- This site is optimized with the Yoast SEO plugin v23.0 - https:\/\/yoast.com\/wordpress\/plugins\/seo\/ -->\n<title>Menu Regal - Royal Rajpoot<\/title>\n<meta name=\"robots\" content=\"index, follow, max-snippet:-1, max-image-preview:large, max-video-preview:-1\" \/>\n<link rel=\"canonical\" href=\"https:\/\/royal-rajpoot-stmaur.fr\/index.php\/product\/menu-regal\/\" \/>\n<meta property=\"og:locale\" content=\"fr_FR\" \/>\n<meta property=\"og:type\" content=\"article\" \/>\n<meta property=\"og:title\" content=\"Menu Regal - Royal Rajpoot\" \/>\n<meta property=\"og:description\" content=\"[vc_row type=\u00a0\u00bbin_container\u00a0\u00bb bg_parallax=\u00a0\u00bb\u00a0\u00bb color_overlay=\u00a0\u00bb\u00a0\u00bb vu_equal_height_columns=\u00a0\u00bb\u00a0\u00bb row_id=\u00a0\u00bb\u00a0\u00bb el_class=\u00a0\u00bb\u00a0\u00bb][vc_column vu_vertical_align=\u00a0\u00bbmiddle\u00a0\u00bb width=\u00a0\u00bb1\/3&Prime;][vc_column_text]TOUS NOS PLATS SONT DOUX OU RELEV\u00c9S SELON VOTRE CHOIX ENTR\u00c9ES AU CHOIX SAMOSSA LEGUMES Beignet de pommes de terre \u00e9cras\u00e9es avec des petits pois ou PAKORA AUBERGINES Beignets d\u2019aubergines ou POULET TANDOORI Poulet cuit \u00e0 la broche au tandoor ou DALL SOUPE Soupe de lentilles avec [&hellip;]\" \/>\n<meta property=\"og:url\" content=\"https:\/\/royal-rajpoot-stmaur.fr\/index.php\/product\/menu-regal\/\" \/>\n<meta property=\"og:site_name\" content=\"Royal Rajpoot\" \/>\n<meta name=\"twitter:card\" content=\"summary_large_image\" \/>\n<meta name=\"twitter:label1\" content=\"Dur\u00e9e de lecture estim\u00e9e\" \/>\n\t<meta name=\"twitter:data1\" content=\"1 minute\" \/>\n<script type=\"application\/ld+json\" class=\"yoast-schema-graph\">{\"@context\":\"https:\/\/schema.org\",\"@graph\":[{\"@type\":\"WebPage\",\"@id\":\"https:\/\/royal-rajpoot-stmaur.fr\/index.php\/product\/menu-regal\/\",\"url\":\"https:\/\/royal-rajpoot-stmaur.fr\/index.php\/product\/menu-regal\/\",\"name\":\"Menu Regal - Royal Rajpoot\",\"isPartOf\":{\"@id\":\"https:\/\/royal-rajpoot-stmaur.fr\/#website\"},\"datePublished\":\"2016-12-11T21:55:42+00:00\",\"dateModified\":\"2016-12-11T21:55:42+00:00\",\"breadcrumb\":{\"@id\":\"https:\/\/royal-rajpoot-stmaur.fr\/index.php\/product\/menu-regal\/#breadcrumb\"},\"inLanguage\":\"fr-FR\",\"potentialAction\":[{\"@type\":\"ReadAction\",\"target\":[\"https:\/\/royal-rajpoot-stmaur.fr\/index.php\/product\/menu-regal\/\"]}]},{\"@type\":\"BreadcrumbList\",\"@id\":\"https:\/\/royal-rajpoot-stmaur.fr\/index.php\/product\/menu-regal\/#breadcrumb\",\"itemListElement\":[{\"@type\":\"ListItem\",\"position\":1,\"name\":\"Accueil\",\"item\":\"https:\/\/royal-rajpoot-stmaur.fr\/\"},{\"@type\":\"ListItem\",\"position\":2,\"name\":\"La Carte\",\"item\":\"https:\/\/royal-rajpoot-stmaur.fr\/index.php\/shop\/\"},{\"@type\":\"ListItem\",\"position\":3,\"name\":\"Menu Regal\"}]},{\"@type\":\"WebSite\",\"@id\":\"https:\/\/royal-rajpoot-stmaur.fr\/#website\",\"url\":\"https:\/\/royal-rajpoot-stmaur.fr\/\",\"name\":\"Royal Rajpoot\",\"description\":\"Sp\u00e9cialit\u00e9s indiennes et pakistanaises\",\"potentialAction\":[{\"@type\":\"SearchAction\",\"target\":{\"@type\":\"EntryPoint\",\"urlTemplate\":\"https:\/\/royal-rajpoot-stmaur.fr\/?s={search_term_string}\"},\"query-input\":\"required name=search_term_string\"}],\"inLanguage\":\"fr-FR\"}]}<\/script>\n<!-- \/ Yoast SEO plugin. -->","yoast_head_json":{"title":"Menu Regal - Royal Rajpoot","robots":{"index":"index","follow":"follow","max-snippet":"max-snippet:-1","max-image-preview":"max-image-preview:large","max-video-preview":"max-video-preview:-1"},"canonical":"https:\/\/royal-rajpoot-stmaur.fr\/index.php\/product\/menu-regal\/","og_locale":"fr_FR","og_type":"article","og_title":"Menu Regal - Royal Rajpoot","og_description":"[vc_row type=\u00a0\u00bbin_container\u00a0\u00bb bg_parallax=\u00a0\u00bb\u00a0\u00bb color_overlay=\u00a0\u00bb\u00a0\u00bb vu_equal_height_columns=\u00a0\u00bb\u00a0\u00bb row_id=\u00a0\u00bb\u00a0\u00bb el_class=\u00a0\u00bb\u00a0\u00bb][vc_column vu_vertical_align=\u00a0\u00bbmiddle\u00a0\u00bb width=\u00a0\u00bb1\/3&Prime;][vc_column_text]TOUS NOS PLATS SONT DOUX OU RELEV\u00c9S SELON VOTRE CHOIX ENTR\u00c9ES AU CHOIX SAMOSSA LEGUMES Beignet de pommes de terre \u00e9cras\u00e9es avec des petits pois ou PAKORA AUBERGINES Beignets d\u2019aubergines ou POULET TANDOORI Poulet cuit \u00e0 la broche au tandoor ou DALL SOUPE Soupe de lentilles avec [&hellip;]","og_url":"https:\/\/royal-rajpoot-stmaur.fr\/index.php\/product\/menu-regal\/","og_site_name":"Royal Rajpoot","twitter_card":"summary_large_image","twitter_misc":{"Dur\u00e9e de lecture estim\u00e9e":"1 minute"},"schema":{"@context":"https:\/\/schema.org","@graph":[{"@type":"WebPage","@id":"https:\/\/royal-rajpoot-stmaur.fr\/index.php\/product\/menu-regal\/","url":"https:\/\/royal-rajpoot-stmaur.fr\/index.php\/product\/menu-regal\/","name":"Menu Regal - Royal Rajpoot","isPartOf":{"@id":"https:\/\/royal-rajpoot-stmaur.fr\/#website"},"datePublished":"2016-12-11T21:55:42+00:00","dateModified":"2016-12-11T21:55:42+00:00","breadcrumb":{"@id":"https:\/\/royal-rajpoot-stmaur.fr\/index.php\/product\/menu-regal\/#breadcrumb"},"inLanguage":"fr-FR","potentialAction":[{"@type":"ReadAction","target":["https:\/\/royal-rajpoot-stmaur.fr\/index.php\/product\/menu-regal\/"]}]},{"@type":"BreadcrumbList","@id":"https:\/\/royal-rajpoot-stmaur.fr\/index.php\/product\/menu-regal\/#breadcrumb","itemListElement":[{"@type":"ListItem","position":1,"name":"Accueil","item":"https:\/\/royal-rajpoot-stmaur.fr\/"},{"@type":"ListItem","position":2,"name":"La Carte","item":"https:\/\/royal-rajpoot-stmaur.fr\/index.php\/shop\/"},{"@type":"ListItem","position":3,"name":"Menu Regal"}]},{"@type":"WebSite","@id":"https:\/\/royal-rajpoot-stmaur.fr\/#website","url":"https:\/\/royal-rajpoot-stmaur.fr\/","name":"Royal Rajpoot","description":"Sp\u00e9cialit\u00e9s indiennes et pakistanaises","potentialAction":[{"@type":"SearchAction","target":{"@type":"EntryPoint","urlTemplate":"https:\/\/royal-rajpoot-stmaur.fr\/?s={search_term_string}"},"query-input":"required name=search_term_string"}],"inLanguage":"fr-FR"}]}},"jetpack_sharing_enabled":true,"_links":{"self":[{"href":"https:\/\/royal-rajpoot-stmaur.fr\/index.php\/wp-json\/wp\/v2\/product\/929","targetHints":{"allow":["GET"]}}],"collection":[{"href":"https:\/\/royal-rajpoot-stmaur.fr\/index.php\/wp-json\/wp\/v2\/product"}],"about":[{"href":"https:\/\/royal-rajpoot-stmaur.fr\/index.php\/wp-json\/wp\/v2\/types\/product"}],"wp:attachment":[{"href":"https:\/\/royal-rajpoot-stmaur.fr\/index.php\/wp-json\/wp\/v2\/media?parent=929"}],"wp:term":[{"taxonomy":"product_cat","embeddable":true,"href":"https:\/\/royal-rajpoot-stmaur.fr\/index.php\/wp-json\/wp\/v2\/product_cat?post=929"},{"taxonomy":"product_tag","embeddable":true,"href":"https:\/\/royal-rajpoot-stmaur.fr\/index.php\/wp-json\/wp\/v2\/product_tag?post=929"}],"curies":[{"name":"wp","href":"https:\/\/api.w.org\/{rel}","templated":true}]}}