{"id":2109,"date":"2025-06-27T14:44:53","date_gmt":"2025-06-27T12:44:53","guid":{"rendered":"https:\/\/royal-rajpoot-stmaur.fr\/?post_type=product&#038;p=2109"},"modified":"2025-06-27T14:45:36","modified_gmt":"2025-06-27T12:45:36","slug":"poisson-massala-saumon","status":"publish","type":"product","link":"https:\/\/royal-rajpoot-stmaur.fr\/index.php\/product\/poisson-massala-saumon\/","title":{"rendered":"POISSON MASSALA (Saumon)"},"content":{"rendered":"<p>Poisson grill\u00e9, \u00e9pic\u00e9 \u00e0 la sauce<\/p>\n","protected":false},"excerpt":{"rendered":"<p>Saumon grill\u00e9, \u00e9pic\u00e9 \u00e0 la sauce<\/p>\n","protected":false},"featured_media":0,"template":"","meta":[],"product_cat":[18,19],"product_tag":[],"class_list":{"0":"post-2109","1":"product","2":"type-product","3":"status-publish","5":"product_cat-plats-principaux","6":"product_cat-poissons-et-fruits-de-mer","8":"first","9":"instock","10":"taxable","11":"shipping-taxable","12":"purchasable","13":"product-type-simple"},"yoast_head":"<!-- This site is optimized with the Yoast SEO plugin v23.0 - https:\/\/yoast.com\/wordpress\/plugins\/seo\/ -->\n<title>POISSON MASSALA (Saumon) - Royal Rajpoot<\/title>\n<meta name=\"robots\" content=\"index, follow, max-snippet:-1, max-image-preview:large, max-video-preview:-1\" \/>\n<link rel=\"canonical\" href=\"https:\/\/royal-rajpoot-stmaur.fr\/index.php\/product\/poisson-massala-saumon\/\" \/>\n<meta property=\"og:locale\" content=\"fr_FR\" \/>\n<meta property=\"og:type\" content=\"article\" \/>\n<meta property=\"og:title\" content=\"POISSON MASSALA (Saumon) - Royal Rajpoot\" \/>\n<meta property=\"og:description\" content=\"Saumon grill\u00e9, \u00e9pic\u00e9 \u00e0 la sauce\" \/>\n<meta property=\"og:url\" content=\"https:\/\/royal-rajpoot-stmaur.fr\/index.php\/product\/poisson-massala-saumon\/\" \/>\n<meta property=\"og:site_name\" content=\"Royal Rajpoot\" \/>\n<meta property=\"article:modified_time\" content=\"2025-06-27T12:45:36+00:00\" \/>\n<meta name=\"twitter:card\" content=\"summary_large_image\" \/>\n<meta name=\"twitter:label1\" content=\"Dur\u00e9e de lecture estim\u00e9e\" \/>\n\t<meta name=\"twitter:data1\" content=\"1 minute\" \/>\n<script type=\"application\/ld+json\" class=\"yoast-schema-graph\">{\"@context\":\"https:\/\/schema.org\",\"@graph\":[{\"@type\":\"WebPage\",\"@id\":\"https:\/\/royal-rajpoot-stmaur.fr\/index.php\/product\/poisson-massala-saumon\/\",\"url\":\"https:\/\/royal-rajpoot-stmaur.fr\/index.php\/product\/poisson-massala-saumon\/\",\"name\":\"POISSON MASSALA (Saumon) - Royal Rajpoot\",\"isPartOf\":{\"@id\":\"https:\/\/royal-rajpoot-stmaur.fr\/#website\"},\"datePublished\":\"2025-06-27T12:44:53+00:00\",\"dateModified\":\"2025-06-27T12:45:36+00:00\",\"breadcrumb\":{\"@id\":\"https:\/\/royal-rajpoot-stmaur.fr\/index.php\/product\/poisson-massala-saumon\/#breadcrumb\"},\"inLanguage\":\"fr-FR\",\"potentialAction\":[{\"@type\":\"ReadAction\",\"target\":[\"https:\/\/royal-rajpoot-stmaur.fr\/index.php\/product\/poisson-massala-saumon\/\"]}]},{\"@type\":\"BreadcrumbList\",\"@id\":\"https:\/\/royal-rajpoot-stmaur.fr\/index.php\/product\/poisson-massala-saumon\/#breadcrumb\",\"itemListElement\":[{\"@type\":\"ListItem\",\"position\":1,\"name\":\"Accueil\",\"item\":\"https:\/\/royal-rajpoot-stmaur.fr\/\"},{\"@type\":\"ListItem\",\"position\":2,\"name\":\"La Carte\",\"item\":\"https:\/\/royal-rajpoot-stmaur.fr\/index.php\/shop\/\"},{\"@type\":\"ListItem\",\"position\":3,\"name\":\"POISSON MASSALA (Saumon)\"}]},{\"@type\":\"WebSite\",\"@id\":\"https:\/\/royal-rajpoot-stmaur.fr\/#website\",\"url\":\"https:\/\/royal-rajpoot-stmaur.fr\/\",\"name\":\"Royal Rajpoot\",\"description\":\"Sp\u00e9cialit\u00e9s indiennes et pakistanaises\",\"potentialAction\":[{\"@type\":\"SearchAction\",\"target\":{\"@type\":\"EntryPoint\",\"urlTemplate\":\"https:\/\/royal-rajpoot-stmaur.fr\/?s={search_term_string}\"},\"query-input\":\"required name=search_term_string\"}],\"inLanguage\":\"fr-FR\"}]}<\/script>\n<!-- \/ Yoast SEO plugin. -->","yoast_head_json":{"title":"POISSON MASSALA (Saumon) - Royal Rajpoot","robots":{"index":"index","follow":"follow","max-snippet":"max-snippet:-1","max-image-preview":"max-image-preview:large","max-video-preview":"max-video-preview:-1"},"canonical":"https:\/\/royal-rajpoot-stmaur.fr\/index.php\/product\/poisson-massala-saumon\/","og_locale":"fr_FR","og_type":"article","og_title":"POISSON MASSALA (Saumon) - Royal Rajpoot","og_description":"Saumon grill\u00e9, \u00e9pic\u00e9 \u00e0 la sauce","og_url":"https:\/\/royal-rajpoot-stmaur.fr\/index.php\/product\/poisson-massala-saumon\/","og_site_name":"Royal Rajpoot","article_modified_time":"2025-06-27T12:45:36+00:00","twitter_card":"summary_large_image","twitter_misc":{"Dur\u00e9e de lecture estim\u00e9e":"1 minute"},"schema":{"@context":"https:\/\/schema.org","@graph":[{"@type":"WebPage","@id":"https:\/\/royal-rajpoot-stmaur.fr\/index.php\/product\/poisson-massala-saumon\/","url":"https:\/\/royal-rajpoot-stmaur.fr\/index.php\/product\/poisson-massala-saumon\/","name":"POISSON MASSALA (Saumon) - Royal Rajpoot","isPartOf":{"@id":"https:\/\/royal-rajpoot-stmaur.fr\/#website"},"datePublished":"2025-06-27T12:44:53+00:00","dateModified":"2025-06-27T12:45:36+00:00","breadcrumb":{"@id":"https:\/\/royal-rajpoot-stmaur.fr\/index.php\/product\/poisson-massala-saumon\/#breadcrumb"},"inLanguage":"fr-FR","potentialAction":[{"@type":"ReadAction","target":["https:\/\/royal-rajpoot-stmaur.fr\/index.php\/product\/poisson-massala-saumon\/"]}]},{"@type":"BreadcrumbList","@id":"https:\/\/royal-rajpoot-stmaur.fr\/index.php\/product\/poisson-massala-saumon\/#breadcrumb","itemListElement":[{"@type":"ListItem","position":1,"name":"Accueil","item":"https:\/\/royal-rajpoot-stmaur.fr\/"},{"@type":"ListItem","position":2,"name":"La Carte","item":"https:\/\/royal-rajpoot-stmaur.fr\/index.php\/shop\/"},{"@type":"ListItem","position":3,"name":"POISSON MASSALA (Saumon)"}]},{"@type":"WebSite","@id":"https:\/\/royal-rajpoot-stmaur.fr\/#website","url":"https:\/\/royal-rajpoot-stmaur.fr\/","name":"Royal Rajpoot","description":"Sp\u00e9cialit\u00e9s indiennes et pakistanaises","potentialAction":[{"@type":"SearchAction","target":{"@type":"EntryPoint","urlTemplate":"https:\/\/royal-rajpoot-stmaur.fr\/?s={search_term_string}"},"query-input":"required name=search_term_string"}],"inLanguage":"fr-FR"}]}},"jetpack_sharing_enabled":true,"_links":{"self":[{"href":"https:\/\/royal-rajpoot-stmaur.fr\/index.php\/wp-json\/wp\/v2\/product\/2109","targetHints":{"allow":["GET"]}}],"collection":[{"href":"https:\/\/royal-rajpoot-stmaur.fr\/index.php\/wp-json\/wp\/v2\/product"}],"about":[{"href":"https:\/\/royal-rajpoot-stmaur.fr\/index.php\/wp-json\/wp\/v2\/types\/product"}],"wp:attachment":[{"href":"https:\/\/royal-rajpoot-stmaur.fr\/index.php\/wp-json\/wp\/v2\/media?parent=2109"}],"wp:term":[{"taxonomy":"product_cat","embeddable":true,"href":"https:\/\/royal-rajpoot-stmaur.fr\/index.php\/wp-json\/wp\/v2\/product_cat?post=2109"},{"taxonomy":"product_tag","embeddable":true,"href":"https:\/\/royal-rajpoot-stmaur.fr\/index.php\/wp-json\/wp\/v2\/product_tag?post=2109"}],"curies":[{"name":"wp","href":"https:\/\/api.w.org\/{rel}","templated":true}]}}