{"id":67,"date":"2013-11-02T00:16:02","date_gmt":"2013-11-01T23:16:02","guid":{"rendered":"http:\/\/www.rajpoot-alfortville.fr\/construction\/?page_id=67"},"modified":"2024-07-22T11:31:40","modified_gmt":"2024-07-22T09:31:40","slug":"acces-mobile","status":"publish","type":"page","link":"https:\/\/royal-rajpoot-stmaur.fr\/index.php\/acces-mobile\/","title":{"rendered":"Acc\u00e8s"},"content":{"rendered":"<p>[vc_row content_layout=\u00a0\u00bbboxed\u00a0\u00bb equal_height=\u00a0\u00bb\u00a0\u00bb animation_delay=\u00a0\u00bb\u00a0\u00bb disable=\u00a0\u00bb\u00a0\u00bb id=\u00a0\u00bb\u00a0\u00bb class=\u00a0\u00bb\u00a0\u00bb bg_type=\u00a0\u00bbimage\u00a0\u00bb bg_image=\u00a0\u00bb\u00a0\u00bb color_overlay=\u00a0\u00bb\u00a0\u00bb enable_parallax=\u00a0\u00bb\u00a0\u00bb enable_pattern=\u00a0\u00bb\u00a0\u00bb type=\u00a0\u00bbin_container\u00a0\u00bb bg_parallax=\u00a0\u00bb\u00a0\u00bb vu_equal_height_columns=\u00a0\u00bb\u00a0\u00bb row_id=\u00a0\u00bb\u00a0\u00bb el_class=\u00a0\u00bb\u00a0\u00bb][vc_column layout=\u00a0\u00bbnormal\u00a0\u00bb vertical_align=\u00a0\u00bbauto\u00a0\u00bb animation_delay=\u00a0\u00bb\u00a0\u00bb width=\u00a0\u00bb5\/6&Prime; vu_vertical_align=\u00a0\u00bbtop\u00a0\u00bb][vc_column_text]<\/p>\n<h2>Restaurant \u00e0 Saint Maur des Foss\u00e9s<\/h2>\n<h5>19 avenue Emile Zola, 94100 Saint Maur des foss\u00e9s<\/h5>\n<h6>06 52 16 17 86<\/h6>\n<p>[\/vc_column_text][vc_column_text]<iframe loading=\"lazy\" style=\"border: 0;\" src=\"https:\/\/www.google.com\/maps\/embed?pb=!1m18!1m12!1m3!1d2627.8736593005387!2d2.482223111573547!3d48.80338987120508!2m3!1f0!2f0!3f0!3m2!1i1024!2i768!4f13.1!3m3!1m2!1s0x47e60ce5676384ed%3A0x7ddc4321f6f801fb!2s19%20Av.%20Emile%20Zola%2C%2094100%20Saint-Maur-des-Foss%C3%A9s!5e0!3m2!1sen!2sfr!4v1720691357214!5m2!1sen!2sfr\" width=\"100%\" height=\"30%\" allowfullscreen=\"allowfullscreen\"><\/iframe>[\/vc_column_text][\/vc_column][vc_column layout=\u00a0\u00bbnormal\u00a0\u00bb vertical_align=\u00a0\u00bbauto\u00a0\u00bb animation_delay=\u00a0\u00bb\u00a0\u00bb width=\u00a0\u00bb1\/6&Prime; vu_vertical_align=\u00a0\u00bbtop\u00a0\u00bb][vc_single_image image=\u00a0\u00bb1793&Prime; img_size=\u00a0\u00bblarge\u00a0\u00bb alignment=\u00a0\u00bbcenter\u00a0\u00bb style=\u00a0\u00bbvc_box_rounded\u00a0\u00bb][\/vc_column][\/vc_row][vc_row content_layout=\u00a0\u00bbboxed\u00a0\u00bb equal_height=\u00a0\u00bb\u00a0\u00bb animation_delay=\u00a0\u00bb\u00a0\u00bb disable=\u00a0\u00bb\u00a0\u00bb id=\u00a0\u00bb\u00a0\u00bb class=\u00a0\u00bb\u00a0\u00bb bg_type=\u00a0\u00bbimage\u00a0\u00bb bg_image=\u00a0\u00bb\u00a0\u00bb color_overlay=\u00a0\u00bb\u00a0\u00bb enable_parallax=\u00a0\u00bb\u00a0\u00bb enable_pattern=\u00a0\u00bb\u00a0\u00bb type=\u00a0\u00bbin_container\u00a0\u00bb bg_parallax=\u00a0\u00bb\u00a0\u00bb vu_equal_height_columns=\u00a0\u00bb\u00a0\u00bb row_id=\u00a0\u00bb\u00a0\u00bb el_class=\u00a0\u00bb\u00a0\u00bb][vc_column layout=\u00a0\u00bbnormal\u00a0\u00bb vertical_align=\u00a0\u00bbauto\u00a0\u00bb animation_delay=\u00a0\u00bb\u00a0\u00bb vu_vertical_align=\u00a0\u00bbtop\u00a0\u00bb][\/vc_column][\/vc_row]<\/p>\n","protected":false},"excerpt":{"rendered":"<p>[vc_row content_layout=\u00a0\u00bbboxed\u00a0\u00bb equal_height=\u00a0\u00bb\u00a0\u00bb animation_delay=\u00a0\u00bb\u00a0\u00bb disable=\u00a0\u00bb\u00a0\u00bb id=\u00a0\u00bb\u00a0\u00bb class=\u00a0\u00bb\u00a0\u00bb bg_type=\u00a0\u00bbimage\u00a0\u00bb bg_image=\u00a0\u00bb\u00a0\u00bb color_overlay=\u00a0\u00bb\u00a0\u00bb enable_parallax=\u00a0\u00bb\u00a0\u00bb enable_pattern=\u00a0\u00bb\u00a0\u00bb type=\u00a0\u00bbin_container\u00a0\u00bb bg_parallax=\u00a0\u00bb\u00a0\u00bb vu_equal_height_columns=\u00a0\u00bb\u00a0\u00bb row_id=\u00a0\u00bb\u00a0\u00bb el_class=\u00a0\u00bb\u00a0\u00bb][vc_column layout=\u00a0\u00bbnormal\u00a0\u00bb vertical_align=\u00a0\u00bbauto\u00a0\u00bb animation_delay=\u00a0\u00bb\u00a0\u00bb width=\u00a0\u00bb5\/6&Prime; vu_vertical_align=\u00a0\u00bbtop\u00a0\u00bb][vc_column_text] Restaurant \u00e0 Saint Maur des Foss\u00e9s 19 avenue Emile Zola, 94100 Saint Maur des foss\u00e9s 06 52 16 17 86 [\/vc_column_text][vc_column_text][\/vc_column_text][\/vc_column][vc_column layout=\u00a0\u00bbnormal\u00a0\u00bb vertical_align=\u00a0\u00bbauto\u00a0\u00bb animation_delay=\u00a0\u00bb\u00a0\u00bb width=\u00a0\u00bb1\/6&Prime; vu_vertical_align=\u00a0\u00bbtop\u00a0\u00bb][vc_single_image image=\u00a0\u00bb1793&Prime; img_size=\u00a0\u00bblarge\u00a0\u00bb alignment=\u00a0\u00bbcenter\u00a0\u00bb style=\u00a0\u00bbvc_box_rounded\u00a0\u00bb][\/vc_column][\/vc_row][vc_row content_layout=\u00a0\u00bbboxed\u00a0\u00bb equal_height=\u00a0\u00bb\u00a0\u00bb animation_delay=\u00a0\u00bb\u00a0\u00bb [&hellip;]<\/p>\n","protected":false},"author":3,"featured_media":193,"parent":0,"menu_order":0,"comment_status":"closed","ping_status":"closed","template":"","meta":{"footnotes":""},"class_list":["post-67","page","type-page","status-publish","has-post-thumbnail","hentry"],"yoast_head":"<!-- This site is optimized with the Yoast SEO plugin v23.0 - https:\/\/yoast.com\/wordpress\/plugins\/seo\/ -->\n<title>Se rendre dans notre restaurant indien 94<\/title>\n<meta name=\"description\" content=\"Notre resto indien est situ\u00e9 en face de la mairie de saint maur, \u00e0 2 pas du rer A Le parc Saint maur\" \/>\n<meta name=\"robots\" content=\"index, follow, max-snippet:-1, max-image-preview:large, max-video-preview:-1\" \/>\n<link rel=\"canonical\" href=\"https:\/\/royal-rajpoot-stmaur.fr\/index.php\/acces-mobile\/\" \/>\n<meta property=\"og:locale\" content=\"fr_FR\" \/>\n<meta property=\"og:type\" content=\"article\" \/>\n<meta property=\"og:title\" content=\"Se rendre dans notre restaurant indien 94\" \/>\n<meta property=\"og:description\" content=\"Notre resto indien est situ\u00e9 en face de la mairie de saint maur, \u00e0 2 pas du rer A Le parc Saint maur\" \/>\n<meta property=\"og:url\" content=\"https:\/\/royal-rajpoot-stmaur.fr\/index.php\/acces-mobile\/\" \/>\n<meta property=\"og:site_name\" content=\"Royal Rajpoot\" \/>\n<meta property=\"article:modified_time\" content=\"2024-07-22T09:31:40+00:00\" \/>\n<meta name=\"twitter:card\" content=\"summary_large_image\" \/>\n<meta name=\"twitter:label1\" content=\"Dur\u00e9e de lecture estim\u00e9e\" \/>\n\t<meta name=\"twitter:data1\" content=\"1 minute\" \/>\n<script type=\"application\/ld+json\" class=\"yoast-schema-graph\">{\"@context\":\"https:\/\/schema.org\",\"@graph\":[{\"@type\":\"WebPage\",\"@id\":\"https:\/\/royal-rajpoot-stmaur.fr\/index.php\/acces-mobile\/\",\"url\":\"https:\/\/royal-rajpoot-stmaur.fr\/index.php\/acces-mobile\/\",\"name\":\"Se rendre dans notre restaurant indien 94\",\"isPartOf\":{\"@id\":\"https:\/\/royal-rajpoot-stmaur.fr\/#website\"},\"primaryImageOfPage\":{\"@id\":\"https:\/\/royal-rajpoot-stmaur.fr\/index.php\/acces-mobile\/#primaryimage\"},\"image\":{\"@id\":\"https:\/\/royal-rajpoot-stmaur.fr\/index.php\/acces-mobile\/#primaryimage\"},\"thumbnailUrl\":\"\",\"datePublished\":\"2013-11-01T23:16:02+00:00\",\"dateModified\":\"2024-07-22T09:31:40+00:00\",\"description\":\"Notre resto indien est situ\u00e9 en face de la mairie de saint maur, \u00e0 2 pas du rer A Le parc Saint maur\",\"breadcrumb\":{\"@id\":\"https:\/\/royal-rajpoot-stmaur.fr\/index.php\/acces-mobile\/#breadcrumb\"},\"inLanguage\":\"fr-FR\",\"potentialAction\":[{\"@type\":\"ReadAction\",\"target\":[\"https:\/\/royal-rajpoot-stmaur.fr\/index.php\/acces-mobile\/\"]}]},{\"@type\":\"ImageObject\",\"inLanguage\":\"fr-FR\",\"@id\":\"https:\/\/royal-rajpoot-stmaur.fr\/index.php\/acces-mobile\/#primaryimage\",\"url\":\"\",\"contentUrl\":\"\"},{\"@type\":\"BreadcrumbList\",\"@id\":\"https:\/\/royal-rajpoot-stmaur.fr\/index.php\/acces-mobile\/#breadcrumb\",\"itemListElement\":[{\"@type\":\"ListItem\",\"position\":1,\"name\":\"Accueil\",\"item\":\"https:\/\/royal-rajpoot-stmaur.fr\/\"},{\"@type\":\"ListItem\",\"position\":2,\"name\":\"Acc\u00e8s\"}]},{\"@type\":\"WebSite\",\"@id\":\"https:\/\/royal-rajpoot-stmaur.fr\/#website\",\"url\":\"https:\/\/royal-rajpoot-stmaur.fr\/\",\"name\":\"Royal Rajpoot\",\"description\":\"Sp\u00e9cialit\u00e9s indiennes et pakistanaises\",\"potentialAction\":[{\"@type\":\"SearchAction\",\"target\":{\"@type\":\"EntryPoint\",\"urlTemplate\":\"https:\/\/royal-rajpoot-stmaur.fr\/?s={search_term_string}\"},\"query-input\":\"required name=search_term_string\"}],\"inLanguage\":\"fr-FR\"}]}<\/script>\n<!-- \/ Yoast SEO plugin. -->","yoast_head_json":{"title":"Se rendre dans notre restaurant indien 94","description":"Notre resto indien est situ\u00e9 en face de la mairie de saint maur, \u00e0 2 pas du rer A Le parc Saint maur","robots":{"index":"index","follow":"follow","max-snippet":"max-snippet:-1","max-image-preview":"max-image-preview:large","max-video-preview":"max-video-preview:-1"},"canonical":"https:\/\/royal-rajpoot-stmaur.fr\/index.php\/acces-mobile\/","og_locale":"fr_FR","og_type":"article","og_title":"Se rendre dans notre restaurant indien 94","og_description":"Notre resto indien est situ\u00e9 en face de la mairie de saint maur, \u00e0 2 pas du rer A Le parc Saint maur","og_url":"https:\/\/royal-rajpoot-stmaur.fr\/index.php\/acces-mobile\/","og_site_name":"Royal Rajpoot","article_modified_time":"2024-07-22T09:31:40+00:00","twitter_card":"summary_large_image","twitter_misc":{"Dur\u00e9e de lecture estim\u00e9e":"1 minute"},"schema":{"@context":"https:\/\/schema.org","@graph":[{"@type":"WebPage","@id":"https:\/\/royal-rajpoot-stmaur.fr\/index.php\/acces-mobile\/","url":"https:\/\/royal-rajpoot-stmaur.fr\/index.php\/acces-mobile\/","name":"Se rendre dans notre restaurant indien 94","isPartOf":{"@id":"https:\/\/royal-rajpoot-stmaur.fr\/#website"},"primaryImageOfPage":{"@id":"https:\/\/royal-rajpoot-stmaur.fr\/index.php\/acces-mobile\/#primaryimage"},"image":{"@id":"https:\/\/royal-rajpoot-stmaur.fr\/index.php\/acces-mobile\/#primaryimage"},"thumbnailUrl":"","datePublished":"2013-11-01T23:16:02+00:00","dateModified":"2024-07-22T09:31:40+00:00","description":"Notre resto indien est situ\u00e9 en face de la mairie de saint maur, \u00e0 2 pas du rer A Le parc Saint maur","breadcrumb":{"@id":"https:\/\/royal-rajpoot-stmaur.fr\/index.php\/acces-mobile\/#breadcrumb"},"inLanguage":"fr-FR","potentialAction":[{"@type":"ReadAction","target":["https:\/\/royal-rajpoot-stmaur.fr\/index.php\/acces-mobile\/"]}]},{"@type":"ImageObject","inLanguage":"fr-FR","@id":"https:\/\/royal-rajpoot-stmaur.fr\/index.php\/acces-mobile\/#primaryimage","url":"","contentUrl":""},{"@type":"BreadcrumbList","@id":"https:\/\/royal-rajpoot-stmaur.fr\/index.php\/acces-mobile\/#breadcrumb","itemListElement":[{"@type":"ListItem","position":1,"name":"Accueil","item":"https:\/\/royal-rajpoot-stmaur.fr\/"},{"@type":"ListItem","position":2,"name":"Acc\u00e8s"}]},{"@type":"WebSite","@id":"https:\/\/royal-rajpoot-stmaur.fr\/#website","url":"https:\/\/royal-rajpoot-stmaur.fr\/","name":"Royal Rajpoot","description":"Sp\u00e9cialit\u00e9s indiennes et pakistanaises","potentialAction":[{"@type":"SearchAction","target":{"@type":"EntryPoint","urlTemplate":"https:\/\/royal-rajpoot-stmaur.fr\/?s={search_term_string}"},"query-input":"required name=search_term_string"}],"inLanguage":"fr-FR"}]}},"jetpack_sharing_enabled":true,"_links":{"self":[{"href":"https:\/\/royal-rajpoot-stmaur.fr\/index.php\/wp-json\/wp\/v2\/pages\/67","targetHints":{"allow":["GET"]}}],"collection":[{"href":"https:\/\/royal-rajpoot-stmaur.fr\/index.php\/wp-json\/wp\/v2\/pages"}],"about":[{"href":"https:\/\/royal-rajpoot-stmaur.fr\/index.php\/wp-json\/wp\/v2\/types\/page"}],"author":[{"embeddable":true,"href":"https:\/\/royal-rajpoot-stmaur.fr\/index.php\/wp-json\/wp\/v2\/users\/3"}],"replies":[{"embeddable":true,"href":"https:\/\/royal-rajpoot-stmaur.fr\/index.php\/wp-json\/wp\/v2\/comments?post=67"}],"version-history":[{"count":2,"href":"https:\/\/royal-rajpoot-stmaur.fr\/index.php\/wp-json\/wp\/v2\/pages\/67\/revisions"}],"predecessor-version":[{"id":1867,"href":"https:\/\/royal-rajpoot-stmaur.fr\/index.php\/wp-json\/wp\/v2\/pages\/67\/revisions\/1867"}],"wp:featuredmedia":[{"embeddable":true,"href":"https:\/\/royal-rajpoot-stmaur.fr\/index.php\/wp-json\/"}],"wp:attachment":[{"href":"https:\/\/royal-rajpoot-stmaur.fr\/index.php\/wp-json\/wp\/v2\/media?parent=67"}],"curies":[{"name":"wp","href":"https:\/\/api.w.org\/{rel}","templated":true}]}}